{"id":7126,"date":"2024-09-17T15:32:21","date_gmt":"2024-09-17T19:32:21","guid":{"rendered":"https:\/\/gastronomia.ca\/?post_type=product&#038;p=7126"},"modified":"2024-09-24T13:27:27","modified_gmt":"2024-09-24T17:27:27","slug":"classic-chocolate-molten-cake","status":"publish","type":"product","link":"https:\/\/gastronomia.ca\/en\/product\/classic-chocolate-molten-cake\/","title":{"rendered":"Classic Chocolate Molten Cake &#8211; 100g"},"content":{"rendered":"","protected":false},"excerpt":{"rendered":"<p>This recipe, designed for foodservice professionals, is a delicious individual chocolate fondant. With this dessert, you are sure to successfully make this classic chocolate dessert every time, with its melting core and soft texture.<\/p>\n<ul>\n<li>The classic 100g portion<\/li>\n<li>A combination of textures, soft and melting<\/li>\n<li>The indulgence of chocolate<\/li>\n<li>No artificial colours, flavours or preservatives<\/li>\n<\/ul>\n","protected":false},"featured_media":7123,"template":"","meta":{"_acf_changed":false,"site-sidebar-layout":"default","site-content-layout":"","ast-site-content-layout":"default","site-content-style":"default","site-sidebar-style":"default","ast-global-header-display":"","ast-banner-title-visibility":"","ast-main-header-display":"","ast-hfb-above-header-display":"","ast-hfb-below-header-display":"","ast-hfb-mobile-header-display":"","site-post-title":"","ast-breadcrumbs-content":"","ast-featured-img":"","footer-sml-layout":"","ast-disable-related-posts":"","theme-transparent-header-meta":"default","adv-header-id-meta":"","stick-header-meta":"default","header-above-stick-meta":"","header-main-stick-meta":"","header-below-stick-meta":"","astra-migrate-meta-layouts":"set","ast-page-background-enabled":"default","ast-page-background-meta":{"desktop":{"background-color":"","background-image":"","background-repeat":"repeat","background-position":"center center","background-size":"auto","background-attachment":"scroll","background-type":"","background-media":"","overlay-type":"","overlay-color":"","overlay-opacity":"","overlay-gradient":""},"tablet":{"background-color":"","background-image":"","background-repeat":"repeat","background-position":"center center","background-size":"auto","background-attachment":"scroll","background-type":"","background-media":"","overlay-type":"","overlay-color":"","overlay-opacity":"","overlay-gradient":""},"mobile":{"background-color":"","background-image":"","background-repeat":"repeat","background-position":"center center","background-size":"auto","background-attachment":"scroll","background-type":"","background-media":"","overlay-type":"","overlay-color":"","overlay-opacity":"","overlay-gradient":""}},"ast-content-background-meta":{"desktop":{"background-color":"var(--ast-global-color-5)","background-image":"","background-repeat":"repeat","background-position":"center center","background-size":"auto","background-attachment":"scroll","background-type":"","background-media":"","overlay-type":"","overlay-color":"","overlay-opacity":"","overlay-gradient":""},"tablet":{"background-color":"var(--ast-global-color-5)","background-image":"","background-repeat":"repeat","background-position":"center center","background-size":"auto","background-attachment":"scroll","background-type":"","background-media":"","overlay-type":"","overlay-color":"","overlay-opacity":"","overlay-gradient":""},"mobile":{"background-color":"var(--ast-global-color-5)","background-image":"","background-repeat":"repeat","background-position":"center center","background-size":"auto","background-attachment":"scroll","background-type":"","background-media":"","overlay-type":"","overlay-color":"","overlay-opacity":"","overlay-gradient":""}}},"product_brand":[],"product_cat":[163,164],"product_tag":[],"class_list":{"0":"post-7126","1":"product","2":"type-product","3":"status-publish","4":"has-post-thumbnail","6":"product_cat-desserts","7":"product_cat-individual-desserts","8":"desktop-align-left","9":"tablet-align-left","10":"mobile-align-left","12":"first","13":"instock","14":"shipping-taxable","15":"product-type-simple"},"acf":[],"cp_meta_data":{"_wpv_contains_gutenberg_views":[""],"_wpml_word_count":["{\"total\":0,\"to_translate\":{\"en\":2,\"fr\":2}}"],"_edit_lock":["1727199002:10"],"_edit_last":["10"],"site-sidebar-layout":["default"],"theme-transparent-header-meta":["default"],"stick-header-meta":["default"],"_backorders":["no"],"_download_limit":["-1"],"_download_expiry":["-1"],"_downloadable":["no"],"_manage_stock":["no"],"_stock_status":["instock"],"_sold_individually":["no"],"_tax_class":[""],"_tax_status":["taxable"],"_virtual":["no"],"total_sales":["0"],"ast-site-content-layout":["default"],"site-content-style":["default"],"site-sidebar-style":["default"],"_last_translation_edit_mode":["native-editor"],"_wp_page_template":["default"],"_stock":[null],"_wc_average_rating":[0],"_wc_review_count":["0"],"_product_version":["9.1.4"],"autres_produits_similaires":[""],"_autres_produits_similaires":["field_643af3e17f6a4"],"fournisseur":[""],"_fournisseur":["field_629c3a96228da"],"restriction_alimentaires":[""],"_restriction_alimentaires":["field_629bd28047161"],"mode_de_preparation_texte":[""],"_mode_de_preparation_texte":["field_63bc20dad9559"],"code_de_produits":["DE1031GA"],"_code_de_produits":["field_629bd29b47162"],"gtin":["00841161090055"],"_gtin":["field_629bd2a147163"],"poids_unitaire":["100 g (3.53 oz)"],"_poids_unitaire":["field_629bd2aa47164"],"diametre":[""],"_diametre":["field_629bd2b447165"],"hauteur":[""],"_hauteur":["field_629bd2b947166"],"dimension":[""],"_dimension":["field_629bd2c547167"],"unite_par_caisse":["20 Units"],"_unite_par_caisse":["field_629bd2ce47168"],"nombre_unitesportions":[""],"_nombre_unitesportions":["field_629bd2d547169"],"conseil_de_preparation":["<div class=\"page\" title=\"Page 1\">\r\n<div class=\"layoutArea\">\r\n<div class=\"column\">\r\n\r\nFor a warm melting lava cake: Reheat 17 min in preheated oven at 350\u00b0F or in the microwave 50-55 sec at 750W power.\r\n\r\nFor a cold and soft lava cake: Thaw 2h in the refrigerator.\r\n\r\n<\/div>\r\n<\/div>\r\n<\/div>"],"_conseil_de_preparation":["field_629bd2e24716a"],"ingredient_et_allergenes":["Whole eggs, Sugar, Vegetable oils (rapeseed, sunflower), Wheat flour, Dark chocolate coating (cocoa mass, sugar, sunflower and\/or rapeseed lecithin, natural vanilla flavour), Water, Low-fat cocoa powder, Baking powder, Salt.\r\n\r\nContains: Wheat, Egg.\r\n\r\nMay contain: Milk, Fish, Crustaceans, Molluscs, Tree nuts, Peanuts, Soy, Sesame, Mustard, Sulphites."],"_ingredient_et_allergenes":["field_629bd3054716c"],"video":[""],"_video":["field_629bd37247171"],"fiche_technique_pdf":["7176"],"_fiche_technique_pdf":["field_629bd38947172"],"fiche_technique_pdf_fr":["7176"],"_fiche_technique_pdf_fr":["field_66c81ef5ca61c"],"Risa_Frederick":[""],"_Risa_Frederick":["field_66c81f9a9f967"],"informations_supplementaires":["Conservation : au cong\u00e9lateur\u00a0(-18 \u00b0C \/ 0 \u00b0F).\r\n\r\nDur\u00e9e de vie apr\u00e8s d\u00e9cong\u00e9lation : 5 jours au r\u00e9frig\u00e9rateur."],"_informations_supplementaires":["field_629bd3aa47173"],"_wpml_media_duplicate":["1"],"_wpml_media_featured":["1"],"_thumbnail_id":["7123"],"wcml_sync_hash":["a:1:{s:15:\"postmeta_fields\";s:32:\"0c973e8662a447f76880d8de15ed51ab\";}"],"attr_label_translations":["a:0:{}"],"_product_image_gallery":["7125"],"_upsell_ids":["a:4:{i:0;i:3721;i:1;i:3622;i:2;i:3620;i:3;i:3619;}"],"_crosssell_ids":["a:0:{}"],"_yoast_wpseo_estimated-reading-time-minutes":["1"],"_yoast_wpseo_wordproof_timestamp":[""],"_yoast_wpseo_metadesc":["A classic chocolate molten cake dessert by Gastronomia, ready to be served in restaurants, bistros or caf\u00e9s across Canada."],"_wp_old_slug":["classic-chocolate-molten-cake-100g"],"_wcml_average_rating":[null],"_wcml_review_count":[null],"_wcml_rating_count":[null],"astra-migrate-meta-layouts":["set"],"_yoast_wpseo_primary_product_cat":["128"],"_elementor_page_assets":["a:0:{}"],"_wc_rating_count":[""]},"yoast_head":"<!-- This site is optimized with the Yoast SEO plugin v27.4 - https:\/\/yoast.com\/product\/yoast-seo-wordpress\/ -->\n<title>Classic Chocolate Molten Cake - 100g | Gastronomia<\/title>\n<meta name=\"description\" content=\"A classic chocolate molten cake dessert by Gastronomia, ready to be served in restaurants, bistros or caf\u00e9s across Canada.\" \/>\n<meta name=\"robots\" content=\"index, follow, max-snippet:-1, max-image-preview:large, max-video-preview:-1\" \/>\n<link rel=\"canonical\" href=\"https:\/\/gastronomia.ca\/en\/product\/classic-chocolate-molten-cake\/\" \/>\n<meta property=\"og:locale\" content=\"en_US\" \/>\n<meta property=\"og:type\" content=\"article\" \/>\n<meta property=\"og:title\" content=\"Classic Chocolate Molten Cake - 100g | Gastronomia\" \/>\n<meta property=\"og:description\" content=\"A classic chocolate molten cake dessert by Gastronomia, ready to be served in restaurants, bistros or caf\u00e9s across Canada.\" \/>\n<meta property=\"og:url\" content=\"https:\/\/gastronomia.ca\/en\/product\/classic-chocolate-molten-cake\/\" \/>\n<meta property=\"og:site_name\" content=\"Gastronomia\" \/>\n<meta property=\"article:modified_time\" content=\"2024-09-24T17:27:27+00:00\" \/>\n<meta property=\"og:image\" content=\"https:\/\/gastronomia.ca\/wp-content\/uploads\/2024\/09\/de1031ga-fondant-au-chocolat-classique-100g.jpg\" \/>\n\t<meta property=\"og:image:width\" content=\"803\" \/>\n\t<meta property=\"og:image:height\" content=\"803\" \/>\n\t<meta property=\"og:image:type\" content=\"image\/jpeg\" \/>\n<meta name=\"twitter:card\" content=\"summary_large_image\" \/>\n<meta name=\"twitter:label1\" content=\"Est. reading time\" \/>\n\t<meta name=\"twitter:data1\" content=\"1 minute\" \/>\n<script type=\"application\/ld+json\" class=\"yoast-schema-graph\">{\"@context\":\"https:\\\/\\\/schema.org\",\"@graph\":[{\"@type\":\"WebPage\",\"@id\":\"https:\\\/\\\/gastronomia.ca\\\/en\\\/product\\\/classic-chocolate-molten-cake\\\/\",\"url\":\"https:\\\/\\\/gastronomia.ca\\\/en\\\/product\\\/classic-chocolate-molten-cake\\\/\",\"name\":\"Classic Chocolate Molten Cake - 100g | Gastronomia\",\"isPartOf\":{\"@id\":\"https:\\\/\\\/gastronomia.ca\\\/en\\\/#website\"},\"primaryImageOfPage\":{\"@id\":\"https:\\\/\\\/gastronomia.ca\\\/en\\\/product\\\/classic-chocolate-molten-cake\\\/#primaryimage\"},\"image\":{\"@id\":\"https:\\\/\\\/gastronomia.ca\\\/en\\\/product\\\/classic-chocolate-molten-cake\\\/#primaryimage\"},\"thumbnailUrl\":\"https:\\\/\\\/gastronomia.ca\\\/wp-content\\\/uploads\\\/2024\\\/09\\\/de1031ga-fondant-au-chocolat-classique-100g.jpg\",\"datePublished\":\"2024-09-17T19:32:21+00:00\",\"dateModified\":\"2024-09-24T17:27:27+00:00\",\"description\":\"A classic chocolate molten cake dessert by Gastronomia, ready to be served in restaurants, bistros or caf\u00e9s across Canada.\",\"breadcrumb\":{\"@id\":\"https:\\\/\\\/gastronomia.ca\\\/en\\\/product\\\/classic-chocolate-molten-cake\\\/#breadcrumb\"},\"inLanguage\":\"en-US\",\"potentialAction\":[{\"@type\":\"ReadAction\",\"target\":[\"https:\\\/\\\/gastronomia.ca\\\/en\\\/product\\\/classic-chocolate-molten-cake\\\/\"]}]},{\"@type\":\"ImageObject\",\"inLanguage\":\"en-US\",\"@id\":\"https:\\\/\\\/gastronomia.ca\\\/en\\\/product\\\/classic-chocolate-molten-cake\\\/#primaryimage\",\"url\":\"https:\\\/\\\/gastronomia.ca\\\/wp-content\\\/uploads\\\/2024\\\/09\\\/de1031ga-fondant-au-chocolat-classique-100g.jpg\",\"contentUrl\":\"https:\\\/\\\/gastronomia.ca\\\/wp-content\\\/uploads\\\/2024\\\/09\\\/de1031ga-fondant-au-chocolat-classique-100g.jpg\",\"width\":803,\"height\":803,\"caption\":\"Fondant au cholat classique 100 g Gastronomia\"},{\"@type\":\"BreadcrumbList\",\"@id\":\"https:\\\/\\\/gastronomia.ca\\\/en\\\/product\\\/classic-chocolate-molten-cake\\\/#breadcrumb\",\"itemListElement\":[{\"@type\":\"ListItem\",\"position\":1,\"name\":\"Accueil\",\"item\":\"https:\\\/\\\/gastronomia.ca\\\/en\\\/\"},{\"@type\":\"ListItem\",\"position\":2,\"name\":\"Catalogue\",\"item\":\"https:\\\/\\\/gastronomia.ca\\\/en\\\/catalogue\\\/\"},{\"@type\":\"ListItem\",\"position\":3,\"name\":\"Desserts\",\"item\":\"https:\\\/\\\/gastronomia.ca\\\/en\\\/catalogue\\\/desserts\\\/\"},{\"@type\":\"ListItem\",\"position\":4,\"name\":\"Individual Desserts\",\"item\":\"https:\\\/\\\/gastronomia.ca\\\/en\\\/catalogue\\\/desserts\\\/individual-desserts\\\/\"},{\"@type\":\"ListItem\",\"position\":5,\"name\":\"Classic Chocolate Molten Cake &#8211; 100g\"}]},{\"@type\":\"WebSite\",\"@id\":\"https:\\\/\\\/gastronomia.ca\\\/en\\\/#website\",\"url\":\"https:\\\/\\\/gastronomia.ca\\\/en\\\/\",\"name\":\"Gastronomia\",\"description\":\"\",\"publisher\":{\"@id\":\"https:\\\/\\\/gastronomia.ca\\\/en\\\/#organization\"},\"potentialAction\":[{\"@type\":\"SearchAction\",\"target\":{\"@type\":\"EntryPoint\",\"urlTemplate\":\"https:\\\/\\\/gastronomia.ca\\\/en\\\/?s={search_term_string}\"},\"query-input\":{\"@type\":\"PropertyValueSpecification\",\"valueRequired\":true,\"valueName\":\"search_term_string\"}}],\"inLanguage\":\"en-US\"},{\"@type\":\"Organization\",\"@id\":\"https:\\\/\\\/gastronomia.ca\\\/en\\\/#organization\",\"name\":\"Gastronomia\",\"url\":\"https:\\\/\\\/gastronomia.ca\\\/en\\\/\",\"logo\":{\"@type\":\"ImageObject\",\"inLanguage\":\"en-US\",\"@id\":\"https:\\\/\\\/gastronomia.ca\\\/en\\\/#\\\/schema\\\/logo\\\/image\\\/\",\"url\":\"https:\\\/\\\/gastronomia.ca\\\/wp-content\\\/uploads\\\/2022\\\/08\\\/gartronomiagrispositif.svg\",\"contentUrl\":\"https:\\\/\\\/gastronomia.ca\\\/wp-content\\\/uploads\\\/2022\\\/08\\\/gartronomiagrispositif.svg\",\"caption\":\"Gastronomia\"},\"image\":{\"@id\":\"https:\\\/\\\/gastronomia.ca\\\/en\\\/#\\\/schema\\\/logo\\\/image\\\/\"}}]}<\/script>\n<!-- \/ Yoast SEO plugin. -->","yoast_head_json":{"title":"Classic Chocolate Molten Cake - 100g | Gastronomia","description":"A classic chocolate molten cake dessert by Gastronomia, ready to be served in restaurants, bistros or caf\u00e9s across Canada.","robots":{"index":"index","follow":"follow","max-snippet":"max-snippet:-1","max-image-preview":"max-image-preview:large","max-video-preview":"max-video-preview:-1"},"canonical":"https:\/\/gastronomia.ca\/en\/product\/classic-chocolate-molten-cake\/","og_locale":"en_US","og_type":"article","og_title":"Classic Chocolate Molten Cake - 100g | Gastronomia","og_description":"A classic chocolate molten cake dessert by Gastronomia, ready to be served in restaurants, bistros or caf\u00e9s across Canada.","og_url":"https:\/\/gastronomia.ca\/en\/product\/classic-chocolate-molten-cake\/","og_site_name":"Gastronomia","article_modified_time":"2024-09-24T17:27:27+00:00","og_image":[{"width":803,"height":803,"url":"https:\/\/gastronomia.ca\/wp-content\/uploads\/2024\/09\/de1031ga-fondant-au-chocolat-classique-100g.jpg","type":"image\/jpeg"}],"twitter_card":"summary_large_image","twitter_misc":{"Est. reading time":"1 minute"},"schema":{"@context":"https:\/\/schema.org","@graph":[{"@type":"WebPage","@id":"https:\/\/gastronomia.ca\/en\/product\/classic-chocolate-molten-cake\/","url":"https:\/\/gastronomia.ca\/en\/product\/classic-chocolate-molten-cake\/","name":"Classic Chocolate Molten Cake - 100g | Gastronomia","isPartOf":{"@id":"https:\/\/gastronomia.ca\/en\/#website"},"primaryImageOfPage":{"@id":"https:\/\/gastronomia.ca\/en\/product\/classic-chocolate-molten-cake\/#primaryimage"},"image":{"@id":"https:\/\/gastronomia.ca\/en\/product\/classic-chocolate-molten-cake\/#primaryimage"},"thumbnailUrl":"https:\/\/gastronomia.ca\/wp-content\/uploads\/2024\/09\/de1031ga-fondant-au-chocolat-classique-100g.jpg","datePublished":"2024-09-17T19:32:21+00:00","dateModified":"2024-09-24T17:27:27+00:00","description":"A classic chocolate molten cake dessert by Gastronomia, ready to be served in restaurants, bistros or caf\u00e9s across Canada.","breadcrumb":{"@id":"https:\/\/gastronomia.ca\/en\/product\/classic-chocolate-molten-cake\/#breadcrumb"},"inLanguage":"en-US","potentialAction":[{"@type":"ReadAction","target":["https:\/\/gastronomia.ca\/en\/product\/classic-chocolate-molten-cake\/"]}]},{"@type":"ImageObject","inLanguage":"en-US","@id":"https:\/\/gastronomia.ca\/en\/product\/classic-chocolate-molten-cake\/#primaryimage","url":"https:\/\/gastronomia.ca\/wp-content\/uploads\/2024\/09\/de1031ga-fondant-au-chocolat-classique-100g.jpg","contentUrl":"https:\/\/gastronomia.ca\/wp-content\/uploads\/2024\/09\/de1031ga-fondant-au-chocolat-classique-100g.jpg","width":803,"height":803,"caption":"Fondant au cholat classique 100 g Gastronomia"},{"@type":"BreadcrumbList","@id":"https:\/\/gastronomia.ca\/en\/product\/classic-chocolate-molten-cake\/#breadcrumb","itemListElement":[{"@type":"ListItem","position":1,"name":"Accueil","item":"https:\/\/gastronomia.ca\/en\/"},{"@type":"ListItem","position":2,"name":"Catalogue","item":"https:\/\/gastronomia.ca\/en\/catalogue\/"},{"@type":"ListItem","position":3,"name":"Desserts","item":"https:\/\/gastronomia.ca\/en\/catalogue\/desserts\/"},{"@type":"ListItem","position":4,"name":"Individual Desserts","item":"https:\/\/gastronomia.ca\/en\/catalogue\/desserts\/individual-desserts\/"},{"@type":"ListItem","position":5,"name":"Classic Chocolate Molten Cake &#8211; 100g"}]},{"@type":"WebSite","@id":"https:\/\/gastronomia.ca\/en\/#website","url":"https:\/\/gastronomia.ca\/en\/","name":"Gastronomia","description":"","publisher":{"@id":"https:\/\/gastronomia.ca\/en\/#organization"},"potentialAction":[{"@type":"SearchAction","target":{"@type":"EntryPoint","urlTemplate":"https:\/\/gastronomia.ca\/en\/?s={search_term_string}"},"query-input":{"@type":"PropertyValueSpecification","valueRequired":true,"valueName":"search_term_string"}}],"inLanguage":"en-US"},{"@type":"Organization","@id":"https:\/\/gastronomia.ca\/en\/#organization","name":"Gastronomia","url":"https:\/\/gastronomia.ca\/en\/","logo":{"@type":"ImageObject","inLanguage":"en-US","@id":"https:\/\/gastronomia.ca\/en\/#\/schema\/logo\/image\/","url":"https:\/\/gastronomia.ca\/wp-content\/uploads\/2022\/08\/gartronomiagrispositif.svg","contentUrl":"https:\/\/gastronomia.ca\/wp-content\/uploads\/2022\/08\/gartronomiagrispositif.svg","caption":"Gastronomia"},"image":{"@id":"https:\/\/gastronomia.ca\/en\/#\/schema\/logo\/image\/"}}]}},"_links":{"self":[{"href":"https:\/\/gastronomia.ca\/en\/wp-json\/wp\/v2\/product\/7126","targetHints":{"allow":["GET"]}}],"collection":[{"href":"https:\/\/gastronomia.ca\/en\/wp-json\/wp\/v2\/product"}],"about":[{"href":"https:\/\/gastronomia.ca\/en\/wp-json\/wp\/v2\/types\/product"}],"version-history":[{"count":0,"href":"https:\/\/gastronomia.ca\/en\/wp-json\/wp\/v2\/product\/7126\/revisions"}],"wp:featuredmedia":[{"embeddable":true,"href":"https:\/\/gastronomia.ca\/en\/wp-json\/wp\/v2\/media\/7123"}],"wp:attachment":[{"href":"https:\/\/gastronomia.ca\/en\/wp-json\/wp\/v2\/media?parent=7126"}],"wp:term":[{"taxonomy":"product_brand","embeddable":true,"href":"https:\/\/gastronomia.ca\/en\/wp-json\/wp\/v2\/product_brand?post=7126"},{"taxonomy":"product_cat","embeddable":true,"href":"https:\/\/gastronomia.ca\/en\/wp-json\/wp\/v2\/product_cat?post=7126"},{"taxonomy":"product_tag","embeddable":true,"href":"https:\/\/gastronomia.ca\/en\/wp-json\/wp\/v2\/product_tag?post=7126"}],"curies":[{"name":"wp","href":"https:\/\/api.w.org\/{rel}","templated":true}]}}