{"id":5903,"date":"2024-02-29T11:35:45","date_gmt":"2024-02-29T16:46:18","guid":{"rendered":"https:\/\/gastronomia.ca\/?post_type=product&#038;p=5903"},"modified":"2025-05-08T16:33:24","modified_gmt":"2025-05-08T20:33:24","slug":"strawberry-ice-cream-mochi","status":"publish","type":"product","link":"https:\/\/gastronomia.ca\/en\/product\/strawberry-ice-cream-mochi\/","title":{"rendered":"Strawberry Premium Ice Cream Mochi"},"content":{"rendered":"","protected":false},"excerpt":{"rendered":"<p>Strawberry mochi dessert for fresh, fruity sweetness<\/p>\n<p>The premium ice cream mochi is a delicate, melt- in-your-mouth creation originating from Japanese gastronomy in the 10th century. Enjoyed as a refined, refreshing dessert, mochi is trending in the Canadian food scene.<\/p>\n<p>Its creamy strawberry ice cream is enveloped in a thin, soft and delicious rice dough. Strawberry puree brings out the fruit\u2019s vibrant sweetness.<\/p>\n<ul>\n<li>No artificial colours or flavours.<\/li>\n<li>Refined and popular recipe<\/li>\n<li>Pastry meets ice cream<\/li>\n<li>Easy to serve and customize<\/li>\n<\/ul>\n","protected":false},"featured_media":8228,"template":"","meta":{"_acf_changed":false,"site-sidebar-layout":"default","site-content-layout":"","ast-site-content-layout":"default","site-content-style":"default","site-sidebar-style":"default","ast-global-header-display":"","ast-banner-title-visibility":"","ast-main-header-display":"","ast-hfb-above-header-display":"","ast-hfb-below-header-display":"","ast-hfb-mobile-header-display":"","site-post-title":"","ast-breadcrumbs-content":"","ast-featured-img":"","footer-sml-layout":"","ast-disable-related-posts":"","theme-transparent-header-meta":"default","adv-header-id-meta":"","stick-header-meta":"default","header-above-stick-meta":"","header-main-stick-meta":"","header-below-stick-meta":"","astra-migrate-meta-layouts":"set","ast-page-background-enabled":"default","ast-page-background-meta":{"desktop":{"background-color":"","background-image":"","background-repeat":"repeat","background-position":"center center","background-size":"auto","background-attachment":"scroll","background-type":"","background-media":"","overlay-type":"","overlay-color":"","overlay-opacity":"","overlay-gradient":""},"tablet":{"background-color":"","background-image":"","background-repeat":"repeat","background-position":"center center","background-size":"auto","background-attachment":"scroll","background-type":"","background-media":"","overlay-type":"","overlay-color":"","overlay-opacity":"","overlay-gradient":""},"mobile":{"background-color":"","background-image":"","background-repeat":"repeat","background-position":"center center","background-size":"auto","background-attachment":"scroll","background-type":"","background-media":"","overlay-type":"","overlay-color":"","overlay-opacity":"","overlay-gradient":""}},"ast-content-background-meta":{"desktop":{"background-color":"var(--ast-global-color-5)","background-image":"","background-repeat":"repeat","background-position":"center center","background-size":"auto","background-attachment":"scroll","background-type":"","background-media":"","overlay-type":"","overlay-color":"","overlay-opacity":"","overlay-gradient":""},"tablet":{"background-color":"var(--ast-global-color-5)","background-image":"","background-repeat":"repeat","background-position":"center center","background-size":"auto","background-attachment":"scroll","background-type":"","background-media":"","overlay-type":"","overlay-color":"","overlay-opacity":"","overlay-gradient":""},"mobile":{"background-color":"var(--ast-global-color-5)","background-image":"","background-repeat":"repeat","background-position":"center center","background-size":"auto","background-attachment":"scroll","background-type":"","background-media":"","overlay-type":"","overlay-color":"","overlay-opacity":"","overlay-gradient":""}}},"product_brand":[],"product_cat":[163,167],"product_tag":[],"class_list":{"0":"post-5903","1":"product","2":"type-product","3":"status-publish","4":"has-post-thumbnail","6":"product_cat-desserts","7":"product_cat-frozen-mochis","8":"desktop-align-left","9":"tablet-align-left","10":"mobile-align-left","12":"first","13":"instock","14":"shipping-taxable","15":"product-type-simple"},"acf":[],"cp_meta_data":{"_wpv_contains_gutenberg_views":[""],"_wpml_word_count":["96"],"_edit_lock":["1746736327:5"],"_edit_last":["5"],"site-sidebar-layout":["default"],"theme-transparent-header-meta":["default"],"stick-header-meta":["default"],"_backorders":["no"],"_download_limit":["-1"],"_download_expiry":["-1"],"_downloadable":["no"],"_manage_stock":["no"],"_stock_status":["instock"],"_sold_individually":["no"],"_tax_class":[""],"_tax_status":["taxable"],"_virtual":["no"],"total_sales":["0"],"ast-site-content-layout":["default"],"site-content-style":["default"],"site-sidebar-style":["default"],"_last_translation_edit_mode":["native-editor"],"_product_image_gallery":["8216"],"_wp_page_template":["default"],"_stock":[null],"_wc_average_rating":[0],"_wc_review_count":["0"],"_product_version":["9.7.1"],"autres_produits_similaires":[""],"_autres_produits_similaires":["field_643af3e17f6a4"],"fournisseur":[""],"_fournisseur":["field_629c3a96228da"],"restriction_alimentaires":[""],"_restriction_alimentaires":["field_629bd28047161"],"mode_de_preparation_texte":["Ready to serve"],"_mode_de_preparation_texte":["field_63bc20dad9559"],"code_de_produits":["CG3018CS"],"_code_de_produits":["field_629bd29b47162"],"gtin":["841161083866"],"_gtin":["field_629bd2a147163"],"poids_unitaire":["35 g (1.23 oz)"],"_poids_unitaire":["field_629bd2aa47164"],"diametre":["5 cm (1.96 in|po)"],"_diametre":["field_629bd2b447165"],"hauteur":[""],"_hauteur":["field_629bd2b947166"],"dimension":[""],"_dimension":["field_629bd2c547167"],"unite_par_caisse":["96 units"],"_unite_par_caisse":["field_629bd2ce47168"],"nombre_unitesportions":[""],"_nombre_unitesportions":["field_629bd2d547169"],"conseil_de_preparation":["Serve straight from the freezer."],"_conseil_de_preparation":["field_629bd2e24716a"],"ingredient_et_allergenes":["Ingredients: Ice cream (milk, cream, sugar, skim milk, strawberries, tapioca syrup, locust bean gum, guar gum), Mochi dough (sugar, rice flour, water, vanilla extract, salt, beet juice concentrate (colour), calcium sulfate, amylase).\r\n\r\nContains: Milk. May contain: Peanuts, Tree nuts, Egg, Sesame, Soy."],"_ingredient_et_allergenes":["field_629bd3054716c"],"video":[""],"_video":["field_629bd37247171"],"fiche_technique_pdf":["5904"],"_fiche_technique_pdf":["field_629bd38947172"],"informations_supplementaires":["Store in freezer (-18\u00b0C \/ 0\u00b0F).\r\n\r\nCaution: The product thaws very quickly.\r\n\r\nPacked in a tray with individual slots, the mochis are protected in a resealable transparent sleeve that is both practical and hygienic. You can take out one at a time without touching the others, helping to reduce handling and minimize waste."],"_informations_supplementaires":["field_629bd3aa47173"],"_wpml_media_duplicate":["1"],"_wpml_media_featured":["1"],"_thumbnail_id":["8228"],"wcml_sync_hash":["a:1:{s:15:\"postmeta_fields\";s:32:\"abe274ff0f54cba207e2374057d8ee82\";}"],"attr_label_translations":["a:0:{}"],"_default_attributes":["a:0:{}"],"_upsell_ids":["a:4:{i:0;i:5895;i:1;i:5909;i:2;i:3672;i:3;i:3674;}"],"_crosssell_ids":["a:0:{}"],"_children":["a:0:{}"],"_yoast_wpseo_metadesc":["Premium strawberry ice cream mochi, a refined, ready-to-use dessert for chefs, dairy bars and food service institutions across Canada."],"_yoast_wpseo_estimated-reading-time-minutes":["1"],"_yoast_wpseo_wordproof_timestamp":[""],"_product_attributes":["a:0:{}"],"_downloadable_files":[""],"fiche_technique_pdf_fr":[""],"_fiche_technique_pdf_fr":["field_66c81ef5ca61c"],"_yoast_wpseo_primary_product_brand":[""],"_yoast_wpseo_primary_product_cat":["167"],"_wp_old_slug":["strawberry-ice-cream-mochi__trashed"],"_wcml_average_rating":[null],"_wcml_review_count":[null],"_wcml_rating_count":[null],"astra-migrate-meta-layouts":["set"],"_wc_rating_count":[""]},"yoast_head":"<!-- This site is optimized with the Yoast SEO plugin v27.4 - https:\/\/yoast.com\/product\/yoast-seo-wordpress\/ -->\n<title>Strawberry Premium Ice Cream Mochi | Gastronomia<\/title>\n<meta name=\"description\" content=\"Premium strawberry ice cream mochi, a refined, ready-to-use dessert for chefs, dairy bars and food service institutions across Canada.\" \/>\n<meta name=\"robots\" content=\"index, follow, max-snippet:-1, max-image-preview:large, max-video-preview:-1\" \/>\n<link rel=\"canonical\" href=\"https:\/\/gastronomia.ca\/en\/product\/strawberry-ice-cream-mochi\/\" \/>\n<meta property=\"og:locale\" content=\"en_US\" \/>\n<meta property=\"og:type\" content=\"article\" \/>\n<meta property=\"og:title\" content=\"Strawberry Premium Ice Cream Mochi | Gastronomia\" \/>\n<meta property=\"og:description\" content=\"Premium strawberry ice cream mochi, a refined, ready-to-use dessert for chefs, dairy bars and food service institutions across Canada.\" \/>\n<meta property=\"og:url\" content=\"https:\/\/gastronomia.ca\/en\/product\/strawberry-ice-cream-mochi\/\" \/>\n<meta property=\"og:site_name\" content=\"Gastronomia\" \/>\n<meta property=\"article:modified_time\" content=\"2025-05-08T20:33:24+00:00\" \/>\n<meta property=\"og:image\" content=\"https:\/\/gastronomia.ca\/wp-content\/uploads\/2024\/02\/19.jpg\" \/>\n\t<meta property=\"og:image:width\" content=\"1200\" \/>\n\t<meta property=\"og:image:height\" content=\"1200\" \/>\n\t<meta property=\"og:image:type\" content=\"image\/jpeg\" \/>\n<meta name=\"twitter:card\" content=\"summary_large_image\" \/>\n<meta name=\"twitter:label1\" content=\"Est. reading time\" \/>\n\t<meta name=\"twitter:data1\" content=\"1 minute\" \/>\n<script type=\"application\/ld+json\" class=\"yoast-schema-graph\">{\"@context\":\"https:\\\/\\\/schema.org\",\"@graph\":[{\"@type\":\"WebPage\",\"@id\":\"https:\\\/\\\/gastronomia.ca\\\/en\\\/product\\\/strawberry-ice-cream-mochi\\\/\",\"url\":\"https:\\\/\\\/gastronomia.ca\\\/en\\\/product\\\/strawberry-ice-cream-mochi\\\/\",\"name\":\"Strawberry Premium Ice Cream Mochi | Gastronomia\",\"isPartOf\":{\"@id\":\"https:\\\/\\\/gastronomia.ca\\\/en\\\/#website\"},\"primaryImageOfPage\":{\"@id\":\"https:\\\/\\\/gastronomia.ca\\\/en\\\/product\\\/strawberry-ice-cream-mochi\\\/#primaryimage\"},\"image\":{\"@id\":\"https:\\\/\\\/gastronomia.ca\\\/en\\\/product\\\/strawberry-ice-cream-mochi\\\/#primaryimage\"},\"thumbnailUrl\":\"https:\\\/\\\/gastronomia.ca\\\/wp-content\\\/uploads\\\/2024\\\/02\\\/19.jpg\",\"datePublished\":\"2024-02-29T16:46:18+00:00\",\"dateModified\":\"2025-05-08T20:33:24+00:00\",\"description\":\"Premium strawberry ice cream mochi, a refined, ready-to-use dessert for chefs, dairy bars and food service institutions across Canada.\",\"breadcrumb\":{\"@id\":\"https:\\\/\\\/gastronomia.ca\\\/en\\\/product\\\/strawberry-ice-cream-mochi\\\/#breadcrumb\"},\"inLanguage\":\"en-US\",\"potentialAction\":[{\"@type\":\"ReadAction\",\"target\":[\"https:\\\/\\\/gastronomia.ca\\\/en\\\/product\\\/strawberry-ice-cream-mochi\\\/\"]}]},{\"@type\":\"ImageObject\",\"inLanguage\":\"en-US\",\"@id\":\"https:\\\/\\\/gastronomia.ca\\\/en\\\/product\\\/strawberry-ice-cream-mochi\\\/#primaryimage\",\"url\":\"https:\\\/\\\/gastronomia.ca\\\/wp-content\\\/uploads\\\/2024\\\/02\\\/19.jpg\",\"contentUrl\":\"https:\\\/\\\/gastronomia.ca\\\/wp-content\\\/uploads\\\/2024\\\/02\\\/19.jpg\",\"width\":1200,\"height\":1200,\"caption\":\"Mochi fraise premium \u00e0 la cr\u00e8me glac\u00e9e Gastronomia\"},{\"@type\":\"BreadcrumbList\",\"@id\":\"https:\\\/\\\/gastronomia.ca\\\/en\\\/product\\\/strawberry-ice-cream-mochi\\\/#breadcrumb\",\"itemListElement\":[{\"@type\":\"ListItem\",\"position\":1,\"name\":\"Accueil\",\"item\":\"https:\\\/\\\/gastronomia.ca\\\/en\\\/\"},{\"@type\":\"ListItem\",\"position\":2,\"name\":\"Catalogue\",\"item\":\"https:\\\/\\\/gastronomia.ca\\\/en\\\/catalogue\\\/\"},{\"@type\":\"ListItem\",\"position\":3,\"name\":\"Desserts\",\"item\":\"https:\\\/\\\/gastronomia.ca\\\/en\\\/catalogue\\\/desserts\\\/\"},{\"@type\":\"ListItem\",\"position\":4,\"name\":\"Premium Frozen Mochis\",\"item\":\"https:\\\/\\\/gastronomia.ca\\\/en\\\/catalogue\\\/desserts\\\/frozen-mochis\\\/\"},{\"@type\":\"ListItem\",\"position\":5,\"name\":\"Strawberry Premium Ice Cream Mochi\"}]},{\"@type\":\"WebSite\",\"@id\":\"https:\\\/\\\/gastronomia.ca\\\/en\\\/#website\",\"url\":\"https:\\\/\\\/gastronomia.ca\\\/en\\\/\",\"name\":\"Gastronomia\",\"description\":\"\",\"publisher\":{\"@id\":\"https:\\\/\\\/gastronomia.ca\\\/en\\\/#organization\"},\"potentialAction\":[{\"@type\":\"SearchAction\",\"target\":{\"@type\":\"EntryPoint\",\"urlTemplate\":\"https:\\\/\\\/gastronomia.ca\\\/en\\\/?s={search_term_string}\"},\"query-input\":{\"@type\":\"PropertyValueSpecification\",\"valueRequired\":true,\"valueName\":\"search_term_string\"}}],\"inLanguage\":\"en-US\"},{\"@type\":\"Organization\",\"@id\":\"https:\\\/\\\/gastronomia.ca\\\/en\\\/#organization\",\"name\":\"Gastronomia\",\"url\":\"https:\\\/\\\/gastronomia.ca\\\/en\\\/\",\"logo\":{\"@type\":\"ImageObject\",\"inLanguage\":\"en-US\",\"@id\":\"https:\\\/\\\/gastronomia.ca\\\/en\\\/#\\\/schema\\\/logo\\\/image\\\/\",\"url\":\"https:\\\/\\\/gastronomia.ca\\\/wp-content\\\/uploads\\\/2022\\\/08\\\/gartronomiagrispositif.svg\",\"contentUrl\":\"https:\\\/\\\/gastronomia.ca\\\/wp-content\\\/uploads\\\/2022\\\/08\\\/gartronomiagrispositif.svg\",\"caption\":\"Gastronomia\"},\"image\":{\"@id\":\"https:\\\/\\\/gastronomia.ca\\\/en\\\/#\\\/schema\\\/logo\\\/image\\\/\"}}]}<\/script>\n<!-- \/ Yoast SEO plugin. -->","yoast_head_json":{"title":"Strawberry Premium Ice Cream Mochi | Gastronomia","description":"Premium strawberry ice cream mochi, a refined, ready-to-use dessert for chefs, dairy bars and food service institutions across Canada.","robots":{"index":"index","follow":"follow","max-snippet":"max-snippet:-1","max-image-preview":"max-image-preview:large","max-video-preview":"max-video-preview:-1"},"canonical":"https:\/\/gastronomia.ca\/en\/product\/strawberry-ice-cream-mochi\/","og_locale":"en_US","og_type":"article","og_title":"Strawberry Premium Ice Cream Mochi | Gastronomia","og_description":"Premium strawberry ice cream mochi, a refined, ready-to-use dessert for chefs, dairy bars and food service institutions across Canada.","og_url":"https:\/\/gastronomia.ca\/en\/product\/strawberry-ice-cream-mochi\/","og_site_name":"Gastronomia","article_modified_time":"2025-05-08T20:33:24+00:00","og_image":[{"width":1200,"height":1200,"url":"https:\/\/gastronomia.ca\/wp-content\/uploads\/2024\/02\/19.jpg","type":"image\/jpeg"}],"twitter_card":"summary_large_image","twitter_misc":{"Est. reading time":"1 minute"},"schema":{"@context":"https:\/\/schema.org","@graph":[{"@type":"WebPage","@id":"https:\/\/gastronomia.ca\/en\/product\/strawberry-ice-cream-mochi\/","url":"https:\/\/gastronomia.ca\/en\/product\/strawberry-ice-cream-mochi\/","name":"Strawberry Premium Ice Cream Mochi | Gastronomia","isPartOf":{"@id":"https:\/\/gastronomia.ca\/en\/#website"},"primaryImageOfPage":{"@id":"https:\/\/gastronomia.ca\/en\/product\/strawberry-ice-cream-mochi\/#primaryimage"},"image":{"@id":"https:\/\/gastronomia.ca\/en\/product\/strawberry-ice-cream-mochi\/#primaryimage"},"thumbnailUrl":"https:\/\/gastronomia.ca\/wp-content\/uploads\/2024\/02\/19.jpg","datePublished":"2024-02-29T16:46:18+00:00","dateModified":"2025-05-08T20:33:24+00:00","description":"Premium strawberry ice cream mochi, a refined, ready-to-use dessert for chefs, dairy bars and food service institutions across Canada.","breadcrumb":{"@id":"https:\/\/gastronomia.ca\/en\/product\/strawberry-ice-cream-mochi\/#breadcrumb"},"inLanguage":"en-US","potentialAction":[{"@type":"ReadAction","target":["https:\/\/gastronomia.ca\/en\/product\/strawberry-ice-cream-mochi\/"]}]},{"@type":"ImageObject","inLanguage":"en-US","@id":"https:\/\/gastronomia.ca\/en\/product\/strawberry-ice-cream-mochi\/#primaryimage","url":"https:\/\/gastronomia.ca\/wp-content\/uploads\/2024\/02\/19.jpg","contentUrl":"https:\/\/gastronomia.ca\/wp-content\/uploads\/2024\/02\/19.jpg","width":1200,"height":1200,"caption":"Mochi fraise premium \u00e0 la cr\u00e8me glac\u00e9e Gastronomia"},{"@type":"BreadcrumbList","@id":"https:\/\/gastronomia.ca\/en\/product\/strawberry-ice-cream-mochi\/#breadcrumb","itemListElement":[{"@type":"ListItem","position":1,"name":"Accueil","item":"https:\/\/gastronomia.ca\/en\/"},{"@type":"ListItem","position":2,"name":"Catalogue","item":"https:\/\/gastronomia.ca\/en\/catalogue\/"},{"@type":"ListItem","position":3,"name":"Desserts","item":"https:\/\/gastronomia.ca\/en\/catalogue\/desserts\/"},{"@type":"ListItem","position":4,"name":"Premium Frozen Mochis","item":"https:\/\/gastronomia.ca\/en\/catalogue\/desserts\/frozen-mochis\/"},{"@type":"ListItem","position":5,"name":"Strawberry Premium Ice Cream Mochi"}]},{"@type":"WebSite","@id":"https:\/\/gastronomia.ca\/en\/#website","url":"https:\/\/gastronomia.ca\/en\/","name":"Gastronomia","description":"","publisher":{"@id":"https:\/\/gastronomia.ca\/en\/#organization"},"potentialAction":[{"@type":"SearchAction","target":{"@type":"EntryPoint","urlTemplate":"https:\/\/gastronomia.ca\/en\/?s={search_term_string}"},"query-input":{"@type":"PropertyValueSpecification","valueRequired":true,"valueName":"search_term_string"}}],"inLanguage":"en-US"},{"@type":"Organization","@id":"https:\/\/gastronomia.ca\/en\/#organization","name":"Gastronomia","url":"https:\/\/gastronomia.ca\/en\/","logo":{"@type":"ImageObject","inLanguage":"en-US","@id":"https:\/\/gastronomia.ca\/en\/#\/schema\/logo\/image\/","url":"https:\/\/gastronomia.ca\/wp-content\/uploads\/2022\/08\/gartronomiagrispositif.svg","contentUrl":"https:\/\/gastronomia.ca\/wp-content\/uploads\/2022\/08\/gartronomiagrispositif.svg","caption":"Gastronomia"},"image":{"@id":"https:\/\/gastronomia.ca\/en\/#\/schema\/logo\/image\/"}}]}},"_links":{"self":[{"href":"https:\/\/gastronomia.ca\/en\/wp-json\/wp\/v2\/product\/5903","targetHints":{"allow":["GET"]}}],"collection":[{"href":"https:\/\/gastronomia.ca\/en\/wp-json\/wp\/v2\/product"}],"about":[{"href":"https:\/\/gastronomia.ca\/en\/wp-json\/wp\/v2\/types\/product"}],"version-history":[{"count":0,"href":"https:\/\/gastronomia.ca\/en\/wp-json\/wp\/v2\/product\/5903\/revisions"}],"wp:featuredmedia":[{"embeddable":true,"href":"https:\/\/gastronomia.ca\/en\/wp-json\/wp\/v2\/media\/8228"}],"wp:attachment":[{"href":"https:\/\/gastronomia.ca\/en\/wp-json\/wp\/v2\/media?parent=5903"}],"wp:term":[{"taxonomy":"product_brand","embeddable":true,"href":"https:\/\/gastronomia.ca\/en\/wp-json\/wp\/v2\/product_brand?post=5903"},{"taxonomy":"product_cat","embeddable":true,"href":"https:\/\/gastronomia.ca\/en\/wp-json\/wp\/v2\/product_cat?post=5903"},{"taxonomy":"product_tag","embeddable":true,"href":"https:\/\/gastronomia.ca\/en\/wp-json\/wp\/v2\/product_tag?post=5903"}],"curies":[{"name":"wp","href":"https:\/\/api.w.org\/{rel}","templated":true}]}}