{"id":4456,"date":"2023-03-24T18:32:57","date_gmt":"2023-03-24T22:32:57","guid":{"rendered":"https:\/\/gastronomia.ca\/product\/cannele\/"},"modified":"2025-08-14T10:45:51","modified_gmt":"2025-08-14T14:45:51","slug":"cannele-pastry","status":"publish","type":"product","link":"https:\/\/gastronomia.ca\/en\/product\/cannele-pastry\/","title":{"rendered":"Cannel\u00e9"},"content":{"rendered":"","protected":false},"excerpt":{"rendered":"<p>A small pastry from Bordeaux, lightly flavoured with rum and Madagascar vanilla, with a crunchy caramelized crust and a soft, chewy custard interior<\/p>\n<ul>\n<li>Product of Canada, made in Quebec<\/li>\n<li>Pure butter<\/li>\n<li>Quality guaranteed 5 days after thawing if kept in the refrigerator and 2 days at room temperature<\/li>\n<\/ul>\n","protected":false},"featured_media":9744,"template":"","meta":{"_acf_changed":false,"site-sidebar-layout":"default","site-content-layout":"default","ast-site-content-layout":"default","site-content-style":"default","site-sidebar-style":"default","ast-global-header-display":"","ast-banner-title-visibility":"","ast-main-header-display":"","ast-hfb-above-header-display":"","ast-hfb-below-header-display":"","ast-hfb-mobile-header-display":"","site-post-title":"","ast-breadcrumbs-content":"","ast-featured-img":"","footer-sml-layout":"","ast-disable-related-posts":"","theme-transparent-header-meta":"default","adv-header-id-meta":"","stick-header-meta":"default","header-above-stick-meta":"","header-main-stick-meta":"","header-below-stick-meta":"","astra-migrate-meta-layouts":"set","ast-page-background-enabled":"default","ast-page-background-meta":{"desktop":{"background-color":"","background-image":"","background-repeat":"repeat","background-position":"center center","background-size":"auto","background-attachment":"scroll","background-type":"","background-media":"","overlay-type":"","overlay-color":"","overlay-opacity":"","overlay-gradient":""},"tablet":{"background-color":"","background-image":"","background-repeat":"repeat","background-position":"center center","background-size":"auto","background-attachment":"scroll","background-type":"","background-media":"","overlay-type":"","overlay-color":"","overlay-opacity":"","overlay-gradient":""},"mobile":{"background-color":"","background-image":"","background-repeat":"repeat","background-position":"center center","background-size":"auto","background-attachment":"scroll","background-type":"","background-media":"","overlay-type":"","overlay-color":"","overlay-opacity":"","overlay-gradient":""}},"ast-content-background-meta":{"desktop":{"background-color":"var(--ast-global-color-5)","background-image":"","background-repeat":"repeat","background-position":"center center","background-size":"auto","background-attachment":"scroll","background-type":"","background-media":"","overlay-type":"","overlay-color":"","overlay-opacity":"","overlay-gradient":""},"tablet":{"background-color":"var(--ast-global-color-5)","background-image":"","background-repeat":"repeat","background-position":"center center","background-size":"auto","background-attachment":"scroll","background-type":"","background-media":"","overlay-type":"","overlay-color":"","overlay-opacity":"","overlay-gradient":""},"mobile":{"background-color":"var(--ast-global-color-5)","background-image":"","background-repeat":"repeat","background-position":"center center","background-size":"auto","background-attachment":"scroll","background-type":"","background-media":"","overlay-type":"","overlay-color":"","overlay-opacity":"","overlay-gradient":""}}},"product_brand":[],"product_cat":[163,166],"product_tag":[],"class_list":{"0":"post-4456","1":"product","2":"type-product","3":"status-publish","4":"has-post-thumbnail","6":"product_cat-desserts","7":"product_cat-mignardises","8":"desktop-align-left","9":"tablet-align-left","10":"mobile-align-left","12":"first","13":"instock","14":"shipping-taxable","15":"product-type-simple"},"acf":[],"cp_meta_data":{"_wp_page_template":["default"],"_wpv_contains_gutenberg_views":[""],"_wpml_word_count":["50"],"_wpml_media_featured":["1"],"_wpml_media_duplicate":["1"],"total_sales":["0"],"_tax_status":["taxable"],"_tax_class":[""],"_manage_stock":["no"],"_backorders":["no"],"_sold_individually":["no"],"_virtual":["no"],"_downloadable":["no"],"_download_limit":["-1"],"_download_expiry":["-1"],"_stock_status":["instock"],"_wc_average_rating":[0],"_wc_review_count":["0"],"_product_version":["9.8.5"],"_product_image_gallery":["9746,4453,8661"],"autres_produits_similaires":[""],"_autres_produits_similaires":["field_643af3e17f6a4"],"fournisseur":[""],"_fournisseur":["field_629c3a96228da"],"restriction_alimentaires":[""],"_restriction_alimentaires":["field_629bd28047161"],"mode_de_preparation_texte":["Thaw for 24h and serve"],"_mode_de_preparation_texte":["field_63bc20dad9559"],"code_de_produits":["DE5017GA"],"_code_de_produits":["field_629bd29b47162"],"gtin":["00841161089448"],"_gtin":["field_629bd2a147163"],"poids_unitaire":["45g (1.59 oz)"],"_poids_unitaire":["field_629bd2aa47164"],"diametre":["5 cm (0.17\")"],"_diametre":["field_629bd2b447165"],"hauteur":[""],"_hauteur":["field_629bd2b947166"],"dimension":[""],"_dimension":["field_629bd2c547167"],"unite_par_caisse":["72 Units (18 x Blisters of 4)"],"_unite_par_caisse":["field_629bd2ce47168"],"nombre_unitesportions":[""],"_nombre_unitesportions":["field_629bd2d547169"],"conseil_de_preparation":["Thaw between 0 et +4\u00b0C the day before. Can be stored for up to 5 days in the refrigerator or 2 days at ambient temperature. For optimal experience, reheat in oven 5 minutes at 175\u00b0C \/ 350\u00b0F."],"_conseil_de_preparation":["field_629bd2e24716a"],"ingredient_et_allergenes":["Milk 3,25 % M.F, Sugar, Wheat flour unbleached, untreated (wheat flour, niacin, iron, thiamine, riboflavin, folic acid), Egg yolk, Butter, Whole egg, Rum (rum, cellulose gum), Vanilla paste (sugar, glucose syrup, water, pectin, agar-agar, vanilla extract, vanilla seeds, natural aroma, vegetal extract), Salt.\r\n\r\nContains: Wheat, Milk, Egg.\r\n\r\nMay contain: Tree Nuts, Soya"],"_ingredient_et_allergenes":["field_629bd3054716c"],"video":[""],"_video":["field_629bd37247171"],"fiche_technique_pdf":[""],"_fiche_technique_pdf":["field_629bd38947172"],"informations_supplementaires":["Product of Canada, made in Quebec.\r\n\r\nWrapped in blisters x 4."],"_informations_supplementaires":["field_629bd3aa47173"],"site-sidebar-layout":["default"],"site-content-layout":["default"],"theme-transparent-header-meta":["default"],"stick-header-meta":["default"],"_yoast_wpseo_focuskw":["cannele pastry"],"_yoast_wpseo_linkdex":["38"],"_yoast_wpseo_estimated-reading-time-minutes":["1"],"_yoast_wpseo_wordproof_timestamp":[""],"_wpml_location_migration_done":["1"],"_thumbnail_id":["9744"],"wcml_sync_hash":["a:1:{s:15:\"postmeta_fields\";s:32:\"d6d78dbd154f89310fd067c367d23f8c\";}"],"attr_label_translations":["a:0:{}"],"_upsell_ids":["a:4:{i:0;i:4534;i:1;i:3704;i:2;i:3705;i:3;i:4465;}"],"_crosssell_ids":["a:0:{}"],"_edit_lock":["1770155684:10"],"_edit_last":["10"],"_wp_old_slug":["cannele"],"_stock":[null],"_last_translation_edit_mode":["native-editor"],"ast-site-content-layout":["default"],"site-content-style":["default"],"site-sidebar-style":["default"],"_yoast_wpseo_metadesc":["A dessert served as a mignardise, gourmet snack or caf\u00e9 gourmand, the Gastronomia canel\u00e9 is designed for the catering trade."],"_wp_old_date":["2023-04-24"],"_downloadable_files":[""],"fiche_technique_pdf_fr":[""],"_fiche_technique_pdf_fr":["field_66c81ef5ca61c"],"_yoast_wpseo_primary_product_brand":[""],"_wcml_average_rating":[null],"_wcml_review_count":[null],"_wcml_rating_count":[null],"_ame_cpe_post_policy":["{\"accessProtection\":{\"active\":\"replace\"}}"],"astra-migrate-meta-layouts":["set"],"_yoast_wpseo_content_score":["90"],"_yoast_wpseo_primary_product_cat":["83"],"_elementor_page_assets":["a:0:{}"],"_wc_rating_count":[""]},"yoast_head":"<!-- This site is optimized with the Yoast SEO plugin v27.5 - https:\/\/yoast.com\/product\/yoast-seo-wordpress\/ -->\n<title>Cannel\u00e9 | Gastronomia<\/title>\n<meta name=\"description\" content=\"A dessert served as a mignardise, gourmet snack or caf\u00e9 gourmand, the Gastronomia canel\u00e9 is designed for the catering trade.\" \/>\n<meta name=\"robots\" content=\"index, follow, max-snippet:-1, max-image-preview:large, max-video-preview:-1\" \/>\n<link rel=\"canonical\" href=\"https:\/\/gastronomia.ca\/en\/product\/cannele-pastry\/\" \/>\n<meta property=\"og:locale\" content=\"en_US\" \/>\n<meta property=\"og:type\" content=\"article\" \/>\n<meta property=\"og:title\" content=\"Cannel\u00e9 | Gastronomia\" \/>\n<meta property=\"og:description\" content=\"A dessert served as a mignardise, gourmet snack or caf\u00e9 gourmand, the Gastronomia canel\u00e9 is designed for the catering trade.\" \/>\n<meta property=\"og:url\" content=\"https:\/\/gastronomia.ca\/en\/product\/cannele-pastry\/\" \/>\n<meta property=\"og:site_name\" content=\"Gastronomia\" \/>\n<meta property=\"article:modified_time\" content=\"2025-08-14T14:45:51+00:00\" \/>\n<meta property=\"og:image\" content=\"https:\/\/gastronomia.ca\/wp-content\/uploads\/2023\/04\/de5017ga-canele-hd-2-web.jpg\" \/>\n\t<meta property=\"og:image:width\" content=\"800\" \/>\n\t<meta property=\"og:image:height\" content=\"800\" \/>\n\t<meta property=\"og:image:type\" content=\"image\/jpeg\" \/>\n<meta name=\"twitter:card\" content=\"summary_large_image\" \/>\n<meta name=\"twitter:label1\" content=\"Est. reading time\" \/>\n\t<meta name=\"twitter:data1\" content=\"1 minute\" \/>\n<script type=\"application\/ld+json\" class=\"yoast-schema-graph\">{\"@context\":\"https:\\\/\\\/schema.org\",\"@graph\":[{\"@type\":\"WebPage\",\"@id\":\"https:\\\/\\\/gastronomia.ca\\\/en\\\/product\\\/cannele-pastry\\\/\",\"url\":\"https:\\\/\\\/gastronomia.ca\\\/en\\\/product\\\/cannele-pastry\\\/\",\"name\":\"Cannel\u00e9 | Gastronomia\",\"isPartOf\":{\"@id\":\"https:\\\/\\\/gastronomia.ca\\\/en\\\/#website\"},\"primaryImageOfPage\":{\"@id\":\"https:\\\/\\\/gastronomia.ca\\\/en\\\/product\\\/cannele-pastry\\\/#primaryimage\"},\"image\":{\"@id\":\"https:\\\/\\\/gastronomia.ca\\\/en\\\/product\\\/cannele-pastry\\\/#primaryimage\"},\"thumbnailUrl\":\"https:\\\/\\\/gastronomia.ca\\\/wp-content\\\/uploads\\\/2023\\\/03\\\/de5017ga-canele-ambiance-001-web.jpg\",\"datePublished\":\"2023-03-24T22:32:57+00:00\",\"dateModified\":\"2025-08-14T14:45:51+00:00\",\"description\":\"A dessert served as a mignardise, gourmet snack or caf\u00e9 gourmand, the Gastronomia canel\u00e9 is designed for the catering trade.\",\"breadcrumb\":{\"@id\":\"https:\\\/\\\/gastronomia.ca\\\/en\\\/product\\\/cannele-pastry\\\/#breadcrumb\"},\"inLanguage\":\"en-US\",\"potentialAction\":[{\"@type\":\"ReadAction\",\"target\":[\"https:\\\/\\\/gastronomia.ca\\\/en\\\/product\\\/cannele-pastry\\\/\"]}]},{\"@type\":\"ImageObject\",\"inLanguage\":\"en-US\",\"@id\":\"https:\\\/\\\/gastronomia.ca\\\/en\\\/product\\\/cannele-pastry\\\/#primaryimage\",\"url\":\"https:\\\/\\\/gastronomia.ca\\\/wp-content\\\/uploads\\\/2023\\\/03\\\/de5017ga-canele-ambiance-001-web.jpg\",\"contentUrl\":\"https:\\\/\\\/gastronomia.ca\\\/wp-content\\\/uploads\\\/2023\\\/03\\\/de5017ga-canele-ambiance-001-web.jpg\",\"width\":900,\"height\":900,\"caption\":\"DE5017GA Canele Ambiance\"},{\"@type\":\"BreadcrumbList\",\"@id\":\"https:\\\/\\\/gastronomia.ca\\\/en\\\/product\\\/cannele-pastry\\\/#breadcrumb\",\"itemListElement\":[{\"@type\":\"ListItem\",\"position\":1,\"name\":\"Accueil\",\"item\":\"https:\\\/\\\/gastronomia.ca\\\/en\\\/\"},{\"@type\":\"ListItem\",\"position\":2,\"name\":\"Catalogue\",\"item\":\"https:\\\/\\\/gastronomia.ca\\\/en\\\/catalogue\\\/\"},{\"@type\":\"ListItem\",\"position\":3,\"name\":\"Desserts\",\"item\":\"https:\\\/\\\/gastronomia.ca\\\/en\\\/catalogue\\\/desserts\\\/\"},{\"@type\":\"ListItem\",\"position\":4,\"name\":\"Mignardises and Macarons\",\"item\":\"https:\\\/\\\/gastronomia.ca\\\/en\\\/catalogue\\\/desserts\\\/mignardises\\\/\"},{\"@type\":\"ListItem\",\"position\":5,\"name\":\"Cannel\u00e9\"}]},{\"@type\":\"WebSite\",\"@id\":\"https:\\\/\\\/gastronomia.ca\\\/en\\\/#website\",\"url\":\"https:\\\/\\\/gastronomia.ca\\\/en\\\/\",\"name\":\"Gastronomia\",\"description\":\"\",\"publisher\":{\"@id\":\"https:\\\/\\\/gastronomia.ca\\\/en\\\/#organization\"},\"potentialAction\":[{\"@type\":\"SearchAction\",\"target\":{\"@type\":\"EntryPoint\",\"urlTemplate\":\"https:\\\/\\\/gastronomia.ca\\\/en\\\/?s={search_term_string}\"},\"query-input\":{\"@type\":\"PropertyValueSpecification\",\"valueRequired\":true,\"valueName\":\"search_term_string\"}}],\"inLanguage\":\"en-US\"},{\"@type\":\"Organization\",\"@id\":\"https:\\\/\\\/gastronomia.ca\\\/en\\\/#organization\",\"name\":\"Gastronomia\",\"url\":\"https:\\\/\\\/gastronomia.ca\\\/en\\\/\",\"logo\":{\"@type\":\"ImageObject\",\"inLanguage\":\"en-US\",\"@id\":\"https:\\\/\\\/gastronomia.ca\\\/en\\\/#\\\/schema\\\/logo\\\/image\\\/\",\"url\":\"https:\\\/\\\/gastronomia.ca\\\/wp-content\\\/uploads\\\/2022\\\/08\\\/gartronomiagrispositif.svg\",\"contentUrl\":\"https:\\\/\\\/gastronomia.ca\\\/wp-content\\\/uploads\\\/2022\\\/08\\\/gartronomiagrispositif.svg\",\"caption\":\"Gastronomia\"},\"image\":{\"@id\":\"https:\\\/\\\/gastronomia.ca\\\/en\\\/#\\\/schema\\\/logo\\\/image\\\/\"}}]}<\/script>\n<!-- \/ Yoast SEO plugin. -->","yoast_head_json":{"title":"Cannel\u00e9 | Gastronomia","description":"A dessert served as a mignardise, gourmet snack or caf\u00e9 gourmand, the Gastronomia canel\u00e9 is designed for the catering trade.","robots":{"index":"index","follow":"follow","max-snippet":"max-snippet:-1","max-image-preview":"max-image-preview:large","max-video-preview":"max-video-preview:-1"},"canonical":"https:\/\/gastronomia.ca\/en\/product\/cannele-pastry\/","og_locale":"en_US","og_type":"article","og_title":"Cannel\u00e9 | Gastronomia","og_description":"A dessert served as a mignardise, gourmet snack or caf\u00e9 gourmand, the Gastronomia canel\u00e9 is designed for the catering trade.","og_url":"https:\/\/gastronomia.ca\/en\/product\/cannele-pastry\/","og_site_name":"Gastronomia","article_modified_time":"2025-08-14T14:45:51+00:00","og_image":[{"width":800,"height":800,"url":"https:\/\/gastronomia.ca\/wp-content\/uploads\/2023\/04\/de5017ga-canele-hd-2-web.jpg","type":"image\/jpeg"}],"twitter_card":"summary_large_image","twitter_misc":{"Est. reading time":"1 minute"},"schema":{"@context":"https:\/\/schema.org","@graph":[{"@type":"WebPage","@id":"https:\/\/gastronomia.ca\/en\/product\/cannele-pastry\/","url":"https:\/\/gastronomia.ca\/en\/product\/cannele-pastry\/","name":"Cannel\u00e9 | Gastronomia","isPartOf":{"@id":"https:\/\/gastronomia.ca\/en\/#website"},"primaryImageOfPage":{"@id":"https:\/\/gastronomia.ca\/en\/product\/cannele-pastry\/#primaryimage"},"image":{"@id":"https:\/\/gastronomia.ca\/en\/product\/cannele-pastry\/#primaryimage"},"thumbnailUrl":"https:\/\/gastronomia.ca\/wp-content\/uploads\/2023\/03\/de5017ga-canele-ambiance-001-web.jpg","datePublished":"2023-03-24T22:32:57+00:00","dateModified":"2025-08-14T14:45:51+00:00","description":"A dessert served as a mignardise, gourmet snack or caf\u00e9 gourmand, the Gastronomia canel\u00e9 is designed for the catering trade.","breadcrumb":{"@id":"https:\/\/gastronomia.ca\/en\/product\/cannele-pastry\/#breadcrumb"},"inLanguage":"en-US","potentialAction":[{"@type":"ReadAction","target":["https:\/\/gastronomia.ca\/en\/product\/cannele-pastry\/"]}]},{"@type":"ImageObject","inLanguage":"en-US","@id":"https:\/\/gastronomia.ca\/en\/product\/cannele-pastry\/#primaryimage","url":"https:\/\/gastronomia.ca\/wp-content\/uploads\/2023\/03\/de5017ga-canele-ambiance-001-web.jpg","contentUrl":"https:\/\/gastronomia.ca\/wp-content\/uploads\/2023\/03\/de5017ga-canele-ambiance-001-web.jpg","width":900,"height":900,"caption":"DE5017GA Canele Ambiance"},{"@type":"BreadcrumbList","@id":"https:\/\/gastronomia.ca\/en\/product\/cannele-pastry\/#breadcrumb","itemListElement":[{"@type":"ListItem","position":1,"name":"Accueil","item":"https:\/\/gastronomia.ca\/en\/"},{"@type":"ListItem","position":2,"name":"Catalogue","item":"https:\/\/gastronomia.ca\/en\/catalogue\/"},{"@type":"ListItem","position":3,"name":"Desserts","item":"https:\/\/gastronomia.ca\/en\/catalogue\/desserts\/"},{"@type":"ListItem","position":4,"name":"Mignardises and Macarons","item":"https:\/\/gastronomia.ca\/en\/catalogue\/desserts\/mignardises\/"},{"@type":"ListItem","position":5,"name":"Cannel\u00e9"}]},{"@type":"WebSite","@id":"https:\/\/gastronomia.ca\/en\/#website","url":"https:\/\/gastronomia.ca\/en\/","name":"Gastronomia","description":"","publisher":{"@id":"https:\/\/gastronomia.ca\/en\/#organization"},"potentialAction":[{"@type":"SearchAction","target":{"@type":"EntryPoint","urlTemplate":"https:\/\/gastronomia.ca\/en\/?s={search_term_string}"},"query-input":{"@type":"PropertyValueSpecification","valueRequired":true,"valueName":"search_term_string"}}],"inLanguage":"en-US"},{"@type":"Organization","@id":"https:\/\/gastronomia.ca\/en\/#organization","name":"Gastronomia","url":"https:\/\/gastronomia.ca\/en\/","logo":{"@type":"ImageObject","inLanguage":"en-US","@id":"https:\/\/gastronomia.ca\/en\/#\/schema\/logo\/image\/","url":"https:\/\/gastronomia.ca\/wp-content\/uploads\/2022\/08\/gartronomiagrispositif.svg","contentUrl":"https:\/\/gastronomia.ca\/wp-content\/uploads\/2022\/08\/gartronomiagrispositif.svg","caption":"Gastronomia"},"image":{"@id":"https:\/\/gastronomia.ca\/en\/#\/schema\/logo\/image\/"}}]}},"_links":{"self":[{"href":"https:\/\/gastronomia.ca\/en\/wp-json\/wp\/v2\/product\/4456","targetHints":{"allow":["GET"]}}],"collection":[{"href":"https:\/\/gastronomia.ca\/en\/wp-json\/wp\/v2\/product"}],"about":[{"href":"https:\/\/gastronomia.ca\/en\/wp-json\/wp\/v2\/types\/product"}],"version-history":[{"count":0,"href":"https:\/\/gastronomia.ca\/en\/wp-json\/wp\/v2\/product\/4456\/revisions"}],"wp:featuredmedia":[{"embeddable":true,"href":"https:\/\/gastronomia.ca\/en\/wp-json\/wp\/v2\/media\/9744"}],"wp:attachment":[{"href":"https:\/\/gastronomia.ca\/en\/wp-json\/wp\/v2\/media?parent=4456"}],"wp:term":[{"taxonomy":"product_brand","embeddable":true,"href":"https:\/\/gastronomia.ca\/en\/wp-json\/wp\/v2\/product_brand?post=4456"},{"taxonomy":"product_cat","embeddable":true,"href":"https:\/\/gastronomia.ca\/en\/wp-json\/wp\/v2\/product_cat?post=4456"},{"taxonomy":"product_tag","embeddable":true,"href":"https:\/\/gastronomia.ca\/en\/wp-json\/wp\/v2\/product_tag?post=4456"}],"curies":[{"name":"wp","href":"https:\/\/api.w.org\/{rel}","templated":true}]}}